{"id":4577,"date":"2024-02-15T03:21:29","date_gmt":"2024-02-15T03:21:29","guid":{"rendered":"http:\/\/zkpaket.test\/?post_type=product&#038;p=4577"},"modified":"2024-09-13T23:13:32","modified_gmt":"2024-09-13T21:13:32","slug":"bautura-carbogazoasa-fanta-500-ml","status":"publish","type":"product","link":"http:\/\/zkpaket.com\/ro\/shop\/bautura-carbogazoasa-fanta-500-ml\/","title":{"rendered":"B\u0103utur\u0103 carbogazoas\u0103 Fanta 500 ml."},"content":{"rendered":"","protected":false},"excerpt":{"rendered":"","protected":false},"featured_media":4185,"template":"","meta":[],"product_cat":[185],"product_tag":[],"class_list":{"0":"post-4577","1":"product","2":"type-product","3":"status-publish","4":"has-post-thumbnail","6":"product_cat-bauturi-racoritoare","8":"first","9":"instock","10":"shipping-taxable","11":"purchasable","12":"product-type-simple"},"yoast_head":"<!-- This site is optimized with the Yoast SEO Premium plugin v23.2 (Yoast SEO v23.2) - https:\/\/yoast.com\/wordpress\/plugins\/seo\/ -->\n<title>B\u0103utur\u0103 carbogazoas\u0103 Fanta 500 ml. - zkpaket<\/title>\n<meta name=\"robots\" content=\"index, follow, max-snippet:-1, max-image-preview:large, max-video-preview:-1\" \/>\n<link rel=\"canonical\" href=\"http:\/\/zkpaket.com\/ro\/shop\/bautura-carbogazoasa-fanta-500-ml\/\" \/>\n<meta property=\"og:locale\" content=\"ro_RO\" \/>\n<meta property=\"og:type\" content=\"article\" \/>\n<meta property=\"og:title\" content=\"B\u0103utur\u0103 carbogazoas\u0103 Fanta 500 ml.\" \/>\n<meta property=\"og:url\" content=\"http:\/\/zkpaket.com\/ro\/shop\/bautura-carbogazoasa-fanta-500-ml\/\" \/>\n<meta property=\"og:site_name\" content=\"zkpaket\" \/>\n<meta property=\"article:modified_time\" content=\"2024-09-13T21:13:32+00:00\" \/>\n<meta property=\"og:image\" content=\"https:\/\/zkpaket.com\/wp-content\/uploads\/2024\/02\/Inked\u0444\u0430\u043d\u0442\u0430-500-\u0433-115_LI222.jpg\" \/>\n\t<meta property=\"og:image:width\" content=\"355\" \/>\n\t<meta property=\"og:image:height\" content=\"355\" \/>\n\t<meta property=\"og:image:type\" content=\"image\/jpeg\" \/>\n<meta name=\"twitter:card\" content=\"summary_large_image\" \/>\n<meta name=\"twitter:label1\" content=\"Pre\u021b\" \/>\n\t<meta name=\"twitter:data1\" content=\"25,00&nbsp;MDL\" \/>\n\t<meta name=\"twitter:label2\" content=\"Disponibilitate\" \/>\n\t<meta name=\"twitter:data2\" content=\"\u00cen stoc\" \/>\n<script type=\"application\/ld+json\" class=\"yoast-schema-graph\">{\"@context\":\"https:\/\/schema.org\",\"@graph\":[{\"@type\":\"WebPage\",\"@id\":\"https:\/\/zkpaket.com\/shop\/bautura-carbogazoasa-fanta-500-ml\/\",\"url\":\"https:\/\/zkpaket.com\/shop\/bautura-carbogazoasa-fanta-500-ml\/\",\"name\":\"B\u0103utur\u0103 carbogazoas\u0103 Fanta 500 ml. - zkpaket\",\"isPartOf\":{\"@id\":\"http:\/\/zkpaket.com\/ro\/#website\"},\"primaryImageOfPage\":{\"@id\":\"https:\/\/zkpaket.com\/shop\/bautura-carbogazoasa-fanta-500-ml\/#primaryimage\"},\"image\":{\"@id\":\"https:\/\/zkpaket.com\/shop\/bautura-carbogazoasa-fanta-500-ml\/#primaryimage\"},\"thumbnailUrl\":\"https:\/\/zkpaket.com\/wp-content\/uploads\/2024\/02\/Inked\u0444\u0430\u043d\u0442\u0430-500-\u0433-115_LI222.jpg\",\"datePublished\":\"2024-02-15T03:21:29+00:00\",\"dateModified\":\"2024-09-13T21:13:32+00:00\",\"breadcrumb\":{\"@id\":\"https:\/\/zkpaket.com\/shop\/bautura-carbogazoasa-fanta-500-ml\/#breadcrumb\"},\"inLanguage\":\"ro-RO\",\"potentialAction\":[{\"@type\":\"ReadAction\",\"target\":[\"https:\/\/zkpaket.com\/shop\/bautura-carbogazoasa-fanta-500-ml\/\"]}]},{\"@type\":\"ImageObject\",\"inLanguage\":\"ro-RO\",\"@id\":\"https:\/\/zkpaket.com\/shop\/bautura-carbogazoasa-fanta-500-ml\/#primaryimage\",\"url\":\"https:\/\/zkpaket.com\/wp-content\/uploads\/2024\/02\/Inked\u0444\u0430\u043d\u0442\u0430-500-\u0433-115_LI222.jpg\",\"contentUrl\":\"https:\/\/zkpaket.com\/wp-content\/uploads\/2024\/02\/Inked\u0444\u0430\u043d\u0442\u0430-500-\u0433-115_LI222.jpg\",\"width\":355,\"height\":355},{\"@type\":\"BreadcrumbList\",\"@id\":\"https:\/\/zkpaket.com\/shop\/bautura-carbogazoasa-fanta-500-ml\/#breadcrumb\",\"itemListElement\":[{\"@type\":\"ListItem\",\"position\":1,\"name\":\"Prima pagin\u0103\",\"item\":\"http:\/\/zkpaket.com\/ro\/\"},{\"@type\":\"ListItem\",\"position\":2,\"name\":\"Magazin\",\"item\":\"http:\/\/zkpaket.com\/ro\/magazin\/\"},{\"@type\":\"ListItem\",\"position\":3,\"name\":\"B\u0103utur\u0103 carbogazoas\u0103 Fanta 500 ml.\"}]},{\"@type\":\"WebSite\",\"@id\":\"http:\/\/zkpaket.com\/ro\/#website\",\"url\":\"http:\/\/zkpaket.com\/ro\/\",\"name\":\"zkpaket\",\"description\":\"Magazin online pentru de\u021binu\u021bi\",\"potentialAction\":[{\"@type\":\"SearchAction\",\"target\":{\"@type\":\"EntryPoint\",\"urlTemplate\":\"http:\/\/zkpaket.com\/ro\/?s={search_term_string}\"},\"query-input\":\"required name=search_term_string\"}],\"inLanguage\":\"ro-RO\"}]}<\/script>\n<meta property=\"product:price:amount\" content=\"25.00\" \/>\n<meta property=\"product:price:currency\" content=\"MDL\" \/>\n<meta property=\"og:availability\" content=\"instock\" \/>\n<meta property=\"product:availability\" content=\"instock\" \/>\n<meta property=\"product:retailer_item_id\" content=\"3167\" \/>\n<meta property=\"product:condition\" content=\"new\" \/>\n<!-- \/ Yoast SEO Premium plugin. -->","yoast_head_json":{"title":"B\u0103utur\u0103 carbogazoas\u0103 Fanta 500 ml. - zkpaket","robots":{"index":"index","follow":"follow","max-snippet":"max-snippet:-1","max-image-preview":"max-image-preview:large","max-video-preview":"max-video-preview:-1"},"canonical":"http:\/\/zkpaket.com\/ro\/shop\/bautura-carbogazoasa-fanta-500-ml\/","og_locale":"ro_RO","og_type":"article","og_title":"B\u0103utur\u0103 carbogazoas\u0103 Fanta 500 ml.","og_url":"http:\/\/zkpaket.com\/ro\/shop\/bautura-carbogazoasa-fanta-500-ml\/","og_site_name":"zkpaket","article_modified_time":"2024-09-13T21:13:32+00:00","og_image":[{"width":355,"height":355,"url":"https:\/\/zkpaket.com\/wp-content\/uploads\/2024\/02\/Inked\u0444\u0430\u043d\u0442\u0430-500-\u0433-115_LI222.jpg","type":"image\/jpeg"}],"twitter_card":"summary_large_image","twitter_misc":{"Pre\u021b":"25,00&nbsp;MDL","Disponibilitate":"\u00cen stoc"},"schema":{"@context":"https:\/\/schema.org","@graph":[{"@type":"WebPage","@id":"https:\/\/zkpaket.com\/shop\/bautura-carbogazoasa-fanta-500-ml\/","url":"https:\/\/zkpaket.com\/shop\/bautura-carbogazoasa-fanta-500-ml\/","name":"B\u0103utur\u0103 carbogazoas\u0103 Fanta 500 ml. - zkpaket","isPartOf":{"@id":"http:\/\/zkpaket.com\/ro\/#website"},"primaryImageOfPage":{"@id":"https:\/\/zkpaket.com\/shop\/bautura-carbogazoasa-fanta-500-ml\/#primaryimage"},"image":{"@id":"https:\/\/zkpaket.com\/shop\/bautura-carbogazoasa-fanta-500-ml\/#primaryimage"},"thumbnailUrl":"https:\/\/zkpaket.com\/wp-content\/uploads\/2024\/02\/Inked\u0444\u0430\u043d\u0442\u0430-500-\u0433-115_LI222.jpg","datePublished":"2024-02-15T03:21:29+00:00","dateModified":"2024-09-13T21:13:32+00:00","breadcrumb":{"@id":"https:\/\/zkpaket.com\/shop\/bautura-carbogazoasa-fanta-500-ml\/#breadcrumb"},"inLanguage":"ro-RO","potentialAction":[{"@type":"ReadAction","target":["https:\/\/zkpaket.com\/shop\/bautura-carbogazoasa-fanta-500-ml\/"]}]},{"@type":"ImageObject","inLanguage":"ro-RO","@id":"https:\/\/zkpaket.com\/shop\/bautura-carbogazoasa-fanta-500-ml\/#primaryimage","url":"https:\/\/zkpaket.com\/wp-content\/uploads\/2024\/02\/Inked\u0444\u0430\u043d\u0442\u0430-500-\u0433-115_LI222.jpg","contentUrl":"https:\/\/zkpaket.com\/wp-content\/uploads\/2024\/02\/Inked\u0444\u0430\u043d\u0442\u0430-500-\u0433-115_LI222.jpg","width":355,"height":355},{"@type":"BreadcrumbList","@id":"https:\/\/zkpaket.com\/shop\/bautura-carbogazoasa-fanta-500-ml\/#breadcrumb","itemListElement":[{"@type":"ListItem","position":1,"name":"Prima pagin\u0103","item":"http:\/\/zkpaket.com\/ro\/"},{"@type":"ListItem","position":2,"name":"Magazin","item":"http:\/\/zkpaket.com\/ro\/magazin\/"},{"@type":"ListItem","position":3,"name":"B\u0103utur\u0103 carbogazoas\u0103 Fanta 500 ml."}]},{"@type":"WebSite","@id":"http:\/\/zkpaket.com\/ro\/#website","url":"http:\/\/zkpaket.com\/ro\/","name":"zkpaket","description":"Magazin online pentru de\u021binu\u021bi","potentialAction":[{"@type":"SearchAction","target":{"@type":"EntryPoint","urlTemplate":"http:\/\/zkpaket.com\/ro\/?s={search_term_string}"},"query-input":"required name=search_term_string"}],"inLanguage":"ro-RO"}]},"product_price_amount":"25.00","product_price_currency":"MDL","og_availability":"instock","product_availability":"instock","product_retailer_item_id":"3167","product_condition":"new"},"_links":{"self":[{"href":"http:\/\/zkpaket.com\/ro\/wp-json\/wp\/v2\/product\/4577","targetHints":{"allow":["GET"]}}],"collection":[{"href":"http:\/\/zkpaket.com\/ro\/wp-json\/wp\/v2\/product"}],"about":[{"href":"http:\/\/zkpaket.com\/ro\/wp-json\/wp\/v2\/types\/product"}],"version-history":[{"count":1,"href":"http:\/\/zkpaket.com\/ro\/wp-json\/wp\/v2\/product\/4577\/revisions"}],"predecessor-version":[{"id":5342,"href":"http:\/\/zkpaket.com\/ro\/wp-json\/wp\/v2\/product\/4577\/revisions\/5342"}],"wp:featuredmedia":[{"embeddable":true,"href":"http:\/\/zkpaket.com\/ro\/wp-json\/wp\/v2\/media\/4185"}],"wp:attachment":[{"href":"http:\/\/zkpaket.com\/ro\/wp-json\/wp\/v2\/media?parent=4577"}],"wp:term":[{"taxonomy":"product_cat","embeddable":true,"href":"http:\/\/zkpaket.com\/ro\/wp-json\/wp\/v2\/product_cat?post=4577"},{"taxonomy":"product_tag","embeddable":true,"href":"http:\/\/zkpaket.com\/ro\/wp-json\/wp\/v2\/product_tag?post=4577"}],"curies":[{"name":"wp","href":"https:\/\/api.w.org\/{rel}","templated":true}]}}